{"id":3765,"date":"2025-12-22T15:45:36","date_gmt":"2025-12-22T13:45:36","guid":{"rendered":"https:\/\/lumomeble.shop.pl\/?post_type=product&#038;p=3765"},"modified":"2025-12-22T15:49:25","modified_gmt":"2025-12-22T13:49:25","slug":"krzeslo-pp-czarne-k16","status":"publish","type":"product","link":"https:\/\/lumomeble.shop.pl\/en\/product\/krzeslo-pp-czarne-k16\/","title":{"rendered":"PP chair (black) K16"},"content":{"rendered":"<div id=\"site-content\">\n<div class=\"ui container\">\n<div class=\"ui basic segment\">\n<div class=\"ui stackable vertically divided grid\">\n<div class=\"two column row\">\n<div class=\"column\">\n<div class=\"ui message productSegment\">\n<div id=\"site-content\">\n<div class=\"ui container\">\n<div class=\"ui basic segment\">\n<div class=\"ui stackable vertically divided grid\">\n<div class=\"two column row\">\n<div class=\"column\">\n<div class=\"ui message productSegment\">\n<div id=\"site-content\">\n<div class=\"ui container\">\n<div class=\"ui basic segment\">\n<div class=\"ui stackable vertically divided grid\">\n<div class=\"two column row\">\n<div class=\"column\">\n<div class=\"ui message productSegment\">\n<div id=\"site-content\">\n<div class=\"ui container\">\n<div class=\"ui basic segment\">\n<div class=\"ui stackable vertically divided grid\">\n<div class=\"two column row\">\n<div class=\"column\">\n<div class=\"ui message productSegment\">\n<p>Dimensions:<br \/>\n- total height: 80 cm<br \/>\n&#8211; szeroko\u015b\u0107 ca\u0142kowita: 59 cm<br \/>\n- seat height: 45 cm<br \/>\n* szczeg\u00f3\u0142owe wymiary na ostatnim zdj\u0119ciu<\/p>\n<p>Material:<br \/>\n- PP material<\/p>\n<p>Color:<br \/>\n- black<\/p>\n<p>Other:<br \/>\n- UV protection<\/p>\n<\/div>\n<\/div>\n<\/div>\n<\/div>\n<\/div>\n<\/div>\n<\/div>\n<\/div>\n<\/div>\n<\/div>\n<\/div>\n<\/div>\n<\/div>\n<\/div>\n<\/div>\n<\/div>\n<\/div>\n<\/div>\n<\/div>\n<\/div>\n<\/div>\n<\/div>\n<\/div>\n<\/div>\n<\/div>\n<\/div>\n<\/div>\n<\/div>","protected":false},"excerpt":{"rendered":"<div class=\"flex flex-col text-sm pb-25\">\n<article class=\"text-token-text-primary w-full focus:outline-none [--shadow-height:45px] has-data-writing-block:pointer-events-none has-data-writing-block:-mt-(--shadow-height) has-data-writing-block:pt-(--shadow-height) [&amp;:has([data-writing-block])&gt;*]:pointer-events-auto scroll-mt-[calc(var(--header-height)+min(200px,max(70px,20svh)))]\" dir=\"auto\" tabindex=\"-1\" data-turn-id=\"request-6943c9ee-8680-8329-9299-30516614c9cd-50\" data-testid=\"conversation-turn-38\" data-scroll-anchor=\"true\" data-turn=\"assistant\">\n<div class=\"text-base my-auto mx-auto pb-10 [--thread-content-margin:--spacing(4)] @w-sm\/main:[--thread-content-margin:--spacing(6)] @w-lg\/main:[--thread-content-margin:--spacing(16)] px-(--thread-content-margin)\">\n<div class=\"[--thread-content-max-width:40rem] @w-lg\/main:[--thread-content-max-width:48rem] mx-auto max-w-(--thread-content-max-width) flex-1 group\/turn-messages focus-visible:outline-hidden relative flex w-full min-w-0 flex-col agent-turn\" tabindex=\"-1\">\n<div class=\"flex max-w-full flex-col grow\">\n<div class=\"min-h-8 text-message relative flex w-full flex-col items-end gap-2 text-start break-words whitespace-normal [.text-message+&amp;]:mt-1\" dir=\"auto\" data-message-author-role=\"assistant\" data-message-id=\"d6c2da33-0cbc-41c1-89ef-466b13f795b9\" data-message-model-slug=\"gpt-5-2\">\n<div class=\"flex w-full flex-col gap-1 empty:hidden first:pt-[1px]\">\n<div class=\"markdown prose dark:prose-invert w-full break-words dark markdown-new-styling\">\n<div class=\"flex flex-col text-sm pb-25\">\n<article class=\"text-token-text-primary w-full focus:outline-none [--shadow-height:45px] has-data-writing-block:pointer-events-none has-data-writing-block:-mt-(--shadow-height) has-data-writing-block:pt-(--shadow-height) [&amp;:has([data-writing-block])&gt;*]:pointer-events-auto scroll-mt-[calc(var(--header-height)+min(200px,max(70px,20svh)))]\" dir=\"auto\" tabindex=\"-1\" data-turn-id=\"request-6943c9ee-8680-8329-9299-30516614c9cd-55\" data-testid=\"conversation-turn-48\" data-scroll-anchor=\"true\" data-turn=\"assistant\">\n<div class=\"text-base my-auto mx-auto pb-10 [--thread-content-margin:--spacing(4)] @w-sm\/main:[--thread-content-margin:--spacing(6)] @w-lg\/main:[--thread-content-margin:--spacing(16)] px-(--thread-content-margin)\">\n<div class=\"[--thread-content-max-width:40rem] @w-lg\/main:[--thread-content-max-width:48rem] mx-auto max-w-(--thread-content-max-width) flex-1 group\/turn-messages focus-visible:outline-hidden relative flex w-full min-w-0 flex-col agent-turn\" tabindex=\"-1\">\n<div class=\"flex max-w-full flex-col grow\">\n<div class=\"min-h-8 text-message relative flex w-full flex-col items-end gap-2 text-start break-words whitespace-normal [.text-message+&amp;]:mt-1\" dir=\"auto\" data-message-author-role=\"assistant\" data-message-id=\"237e7977-7a67-459a-8f14-7294d88963ef\" data-message-model-slug=\"gpt-5-2\">\n<div class=\"flex w-full flex-col gap-1 empty:hidden first:pt-[1px]\">\n<div class=\"markdown prose dark:prose-invert w-full break-words dark markdown-new-styling\">\n<p data-start=\"0\" data-end=\"300\" data-is-last-node=\"\" data-is-only-node=\"\">Nowoczesne krzes\u0142o z a\u017curowym oparciem inspirowanym organicznymi kszta\u0142tami. Wykonane z trwa\u0142ego tworzywa w czarnym kolorze, lekkie i stabilne. Idealne do restauracji, kawiarni, ogrodu oraz nowoczesnych wn\u0119trz.<\/p>\n<\/div>\n<\/div>\n<\/div>\n<\/div>\n<\/div>\n<\/div>\n<\/article>\n<\/div>\n<\/div>\n<\/div>\n<\/div>\n<\/div>\n<\/div>\n<\/div>\n<\/article>\n<\/div>","protected":false},"featured_media":3766,"comment_status":"open","ping_status":"closed","template":"","meta":{"_acf_changed":false},"product_brand":[],"product_cat":[23],"product_tag":[],"class_list":{"0":"post-3765","1":"product","2":"type-product","3":"status-publish","4":"has-post-thumbnail","6":"product_cat-zestawy-ogrodowe","8":"first","9":"instock","10":"taxable","11":"shipping-taxable","12":"purchasable","13":"product-type-simple"},"acf":[],"_links":{"self":[{"href":"https:\/\/lumomeble.shop.pl\/en\/wp-json\/wp\/v2\/product\/3765","targetHints":{"allow":["GET"]}}],"collection":[{"href":"https:\/\/lumomeble.shop.pl\/en\/wp-json\/wp\/v2\/product"}],"about":[{"href":"https:\/\/lumomeble.shop.pl\/en\/wp-json\/wp\/v2\/types\/product"}],"replies":[{"embeddable":true,"href":"https:\/\/lumomeble.shop.pl\/en\/wp-json\/wp\/v2\/comments?post=3765"}],"wp:featuredmedia":[{"embeddable":true,"href":"https:\/\/lumomeble.shop.pl\/en\/wp-json\/wp\/v2\/media\/3766"}],"wp:attachment":[{"href":"https:\/\/lumomeble.shop.pl\/en\/wp-json\/wp\/v2\/media?parent=3765"}],"wp:term":[{"taxonomy":"product_brand","embeddable":true,"href":"https:\/\/lumomeble.shop.pl\/en\/wp-json\/wp\/v2\/product_brand?post=3765"},{"taxonomy":"product_cat","embeddable":true,"href":"https:\/\/lumomeble.shop.pl\/en\/wp-json\/wp\/v2\/product_cat?post=3765"},{"taxonomy":"product_tag","embeddable":true,"href":"https:\/\/lumomeble.shop.pl\/en\/wp-json\/wp\/v2\/product_tag?post=3765"}],"curies":[{"name":"wp","href":"https:\/\/api.w.org\/{rel}","templated":true}]}}