{"id":3583,"date":"2025-12-19T09:37:49","date_gmt":"2025-12-19T07:37:49","guid":{"rendered":"https:\/\/lumomeble.shop.pl\/?post_type=product&#038;p=3583"},"modified":"2026-03-12T13:18:15","modified_gmt":"2026-03-12T11:18:15","slug":"krzeslo-szaro-biale-k30","status":"publish","type":"product","link":"https:\/\/lumomeble.shop.pl\/en\/product\/krzeslo-szaro-biale-k30\/","title":{"rendered":"Chair (gray and white) K30"},"content":{"rendered":"<div id=\"site-content\">\n<div class=\"ui container\">\n<div class=\"ui basic segment\">\n<div class=\"ui stackable vertically divided grid\">\n<div class=\"two column row\">\n<div class=\"column\">\n<div class=\"ui message productSegment\">\n<div id=\"site-content\">\n<div class=\"ui container\">\n<div class=\"ui basic segment\">\n<div class=\"ui stackable vertically divided grid\">\n<div class=\"two column row\">\n<div class=\"column\">\n<div class=\"ui message productSegment\">\n<div id=\"site-content\">\n<div class=\"ui container\">\n<div class=\"ui basic segment\">\n<div class=\"ui stackable vertically divided grid\">\n<div class=\"two column row\">\n<div class=\"column\">\n<div class=\"ui message productSegment\">\n<div id=\"site-content\">\n<div class=\"ui container\">\n<div class=\"ui basic segment\">\n<div class=\"ui stackable vertically divided grid\">\n<div class=\"two column row\">\n<div class=\"column\">\n<div class=\"ui message productSegment\">Dimensions:<br \/>\n&#8211; wysoko\u015b\u0107: 83 cm<br \/>\n&#8211; szeroko\u015b\u0107: 43 cm<br \/>\n- depth: 43 cm<br \/>\n- seat height: 46 cm<\/p>\n<p>Material:<br \/>\n- PP material<\/p>\n<p>Color:<br \/>\n&#8211; szaro-bia\u0142y<\/p>\n<p>Other:<br \/>\n- UV protection<br \/>\n- stackable<\/p><\/div>\n<\/div>\n<\/div>\n<\/div>\n<\/div>\n<\/div>\n<\/div>\n<\/div>\n<\/div>\n<\/div>\n<\/div>\n<\/div>\n<\/div>\n<\/div>\n<\/div>\n<\/div>\n<\/div>\n<\/div>\n<\/div>\n<\/div>\n<\/div>\n<\/div>\n<\/div>\n<\/div>\n<\/div>\n<\/div>\n<\/div>\n<\/div>","protected":false},"excerpt":{"rendered":"<div class=\"flex flex-col text-sm pb-25\">\n<article class=\"text-token-text-primary w-full focus:outline-none [--shadow-height:45px] has-data-writing-block:pointer-events-none has-data-writing-block:-mt-(--shadow-height) has-data-writing-block:pt-(--shadow-height) [&amp;:has([data-writing-block])&gt;*]:pointer-events-auto scroll-mt-[calc(var(--header-height)+min(200px,max(70px,20svh)))]\" dir=\"auto\" tabindex=\"-1\" data-turn-id=\"request-6943c9ee-8680-8329-9299-30516614c9cd-50\" data-testid=\"conversation-turn-38\" data-scroll-anchor=\"true\" data-turn=\"assistant\">\n<div class=\"text-base my-auto mx-auto pb-10 [--thread-content-margin:--spacing(4)] @w-sm\/main:[--thread-content-margin:--spacing(6)] @w-lg\/main:[--thread-content-margin:--spacing(16)] px-(--thread-content-margin)\">\n<div class=\"[--thread-content-max-width:40rem] @w-lg\/main:[--thread-content-max-width:48rem] mx-auto max-w-(--thread-content-max-width) flex-1 group\/turn-messages focus-visible:outline-hidden relative flex w-full min-w-0 flex-col agent-turn\" tabindex=\"-1\">\n<div class=\"flex max-w-full flex-col grow\">\n<div class=\"min-h-8 text-message relative flex w-full flex-col items-end gap-2 text-start break-words whitespace-normal [.text-message+&amp;]:mt-1\" dir=\"auto\" data-message-author-role=\"assistant\" data-message-id=\"d6c2da33-0cbc-41c1-89ef-466b13f795b9\" data-message-model-slug=\"gpt-5-2\">\n<div class=\"flex w-full flex-col gap-1 empty:hidden first:pt-[1px]\">\n<div class=\"markdown prose dark:prose-invert w-full break-words dark markdown-new-styling\">\n<div class=\"flex flex-col text-sm pb-25\">\n<article class=\"text-token-text-primary w-full focus:outline-none [--shadow-height:45px] has-data-writing-block:pointer-events-none has-data-writing-block:-mt-(--shadow-height) has-data-writing-block:pt-(--shadow-height) [&amp;:has([data-writing-block])&gt;*]:pointer-events-auto scroll-mt-[calc(var(--header-height)+min(200px,max(70px,20svh)))]\" dir=\"auto\" tabindex=\"-1\" data-turn-id=\"request-6943c9ee-8680-8329-9299-30516614c9cd-55\" data-testid=\"conversation-turn-48\" data-scroll-anchor=\"true\" data-turn=\"assistant\">\n<div class=\"text-base my-auto mx-auto pb-10 [--thread-content-margin:--spacing(4)] @w-sm\/main:[--thread-content-margin:--spacing(6)] @w-lg\/main:[--thread-content-margin:--spacing(16)] px-(--thread-content-margin)\">\n<div class=\"[--thread-content-max-width:40rem] @w-lg\/main:[--thread-content-max-width:48rem] mx-auto max-w-(--thread-content-max-width) flex-1 group\/turn-messages focus-visible:outline-hidden relative flex w-full min-w-0 flex-col agent-turn\" tabindex=\"-1\">\n<div class=\"flex max-w-full flex-col grow\">\n<div class=\"min-h-8 text-message relative flex w-full flex-col items-end gap-2 text-start break-words whitespace-normal [.text-message+&amp;]:mt-1\" dir=\"auto\" data-message-author-role=\"assistant\" data-message-id=\"237e7977-7a67-459a-8f14-7294d88963ef\" data-message-model-slug=\"gpt-5-2\">\n<div class=\"flex w-full flex-col gap-1 empty:hidden first:pt-[1px]\">\n<div class=\"markdown prose dark:prose-invert w-full break-words dark markdown-new-styling\">\n<p data-start=\"0\" data-end=\"300\" data-is-last-node=\"\" data-is-only-node=\"\">Krzes\u0142o z jasn\u0105 konstrukcj\u0105 oraz siedziskiem i oparciem z poziomymi listwami. Prosty, nowoczesny design, lekkie i praktyczne \u2013 idealne do restauracji, kawiarni i przestrzeni komercyjnych.<\/p>\n<\/div>\n<\/div>\n<\/div>\n<\/div>\n<\/div>\n<\/div>\n<\/article>\n<\/div>\n<\/div>\n<\/div>\n<\/div>\n<\/div>\n<\/div>\n<\/div>\n<\/article>\n<\/div>","protected":false},"featured_media":3584,"comment_status":"open","ping_status":"closed","template":"","meta":{"_acf_changed":false},"product_brand":[],"product_cat":[22,97,23],"product_tag":[],"class_list":{"0":"post-3583","1":"product","2":"type-product","3":"status-publish","4":"has-post-thumbnail","6":"product_cat-krzesla","7":"product_cat-standard-line","8":"product_cat-zestawy-ogrodowe","10":"first","11":"instock","12":"taxable","13":"shipping-taxable","14":"purchasable","15":"product-type-simple"},"acf":[],"_links":{"self":[{"href":"https:\/\/lumomeble.shop.pl\/en\/wp-json\/wp\/v2\/product\/3583","targetHints":{"allow":["GET"]}}],"collection":[{"href":"https:\/\/lumomeble.shop.pl\/en\/wp-json\/wp\/v2\/product"}],"about":[{"href":"https:\/\/lumomeble.shop.pl\/en\/wp-json\/wp\/v2\/types\/product"}],"replies":[{"embeddable":true,"href":"https:\/\/lumomeble.shop.pl\/en\/wp-json\/wp\/v2\/comments?post=3583"}],"wp:featuredmedia":[{"embeddable":true,"href":"https:\/\/lumomeble.shop.pl\/en\/wp-json\/wp\/v2\/media\/3584"}],"wp:attachment":[{"href":"https:\/\/lumomeble.shop.pl\/en\/wp-json\/wp\/v2\/media?parent=3583"}],"wp:term":[{"taxonomy":"product_brand","embeddable":true,"href":"https:\/\/lumomeble.shop.pl\/en\/wp-json\/wp\/v2\/product_brand?post=3583"},{"taxonomy":"product_cat","embeddable":true,"href":"https:\/\/lumomeble.shop.pl\/en\/wp-json\/wp\/v2\/product_cat?post=3583"},{"taxonomy":"product_tag","embeddable":true,"href":"https:\/\/lumomeble.shop.pl\/en\/wp-json\/wp\/v2\/product_tag?post=3583"}],"curies":[{"name":"wp","href":"https:\/\/api.w.org\/{rel}","templated":true}]}}