{"id":5088,"date":"2026-03-24T12:51:07","date_gmt":"2026-03-24T10:51:07","guid":{"rendered":"https:\/\/lumomeble.shop.pl\/?post_type=product&#038;p=5088"},"modified":"2026-04-13T11:04:18","modified_gmt":"2026-04-13T09:04:18","slug":"hoker-velvet-szary-zloty-stelaz-h3","status":"publish","type":"product","link":"https:\/\/lumomeble.shop.pl\/de\/product\/hoker-velvet-szary-zloty-stelaz-h3\/","title":{"rendered":"Hocker Samtgrau (goldener Rahmen) H3"},"content":{"rendered":"<h4 class=\"ui header\">Abmessungen:<br \/>\n- Sitzbreite: 47 cm<br \/>\n- Sitzh\u00f6he 66 cm<br \/>\n- Gesamth\u00f6he: 96,5 cm<br \/>\n- Sitztiefe 42 cm<\/h4>\n<p>Material<br \/>\n- Polsterung: Samt<br \/>\n- Beine: Chrom<\/p>\n<p>Farbe:<br \/>\n- Sitz: grau<br \/>\n- Rahmen: gold<\/p>","protected":false},"excerpt":{"rendered":"<p>Stilvoller Barstuhl mit abgerundeter R\u00fcckenlehne und vertikalen N\u00e4hten f\u00fcr einen eleganten Charakter. Der weiche Sitz und die Armlehnen bieten einen hohen Komfort. Das robuste Metallgestell unterstreicht die moderne Form und eignet sich gut f\u00fcr den Gastronomiebereich.<\/p>","protected":false},"featured_media":5092,"comment_status":"open","ping_status":"closed","template":"","meta":{"_acf_changed":false},"product_brand":[],"product_cat":[118],"product_tag":[],"class_list":{"0":"post-5088","1":"product","2":"type-product","3":"status-publish","4":"has-post-thumbnail","6":"product_cat-hokery","7":"pa_nogi-metalowe","9":"first","10":"instock","11":"taxable","12":"shipping-taxable","13":"purchasable","14":"product-type-simple"},"acf":[],"_links":{"self":[{"href":"https:\/\/lumomeble.shop.pl\/de\/wp-json\/wp\/v2\/product\/5088","targetHints":{"allow":["GET"]}}],"collection":[{"href":"https:\/\/lumomeble.shop.pl\/de\/wp-json\/wp\/v2\/product"}],"about":[{"href":"https:\/\/lumomeble.shop.pl\/de\/wp-json\/wp\/v2\/types\/product"}],"replies":[{"embeddable":true,"href":"https:\/\/lumomeble.shop.pl\/de\/wp-json\/wp\/v2\/comments?post=5088"}],"wp:featuredmedia":[{"embeddable":true,"href":"https:\/\/lumomeble.shop.pl\/de\/wp-json\/wp\/v2\/media\/5092"}],"wp:attachment":[{"href":"https:\/\/lumomeble.shop.pl\/de\/wp-json\/wp\/v2\/media?parent=5088"}],"wp:term":[{"taxonomy":"product_brand","embeddable":true,"href":"https:\/\/lumomeble.shop.pl\/de\/wp-json\/wp\/v2\/product_brand?post=5088"},{"taxonomy":"product_cat","embeddable":true,"href":"https:\/\/lumomeble.shop.pl\/de\/wp-json\/wp\/v2\/product_cat?post=5088"},{"taxonomy":"product_tag","embeddable":true,"href":"https:\/\/lumomeble.shop.pl\/de\/wp-json\/wp\/v2\/product_tag?post=5088"}],"curies":[{"name":"wp","href":"https:\/\/api.w.org\/{rel}","templated":true}]}}