{"id":5020,"date":"2026-03-20T10:07:17","date_gmt":"2026-03-20T08:07:17","guid":{"rendered":"https:\/\/lumomeble.shop.pl\/?post_type=product&#038;p=5020"},"modified":"2026-04-13T11:15:02","modified_gmt":"2026-04-13T09:15:02","slug":"hocker-samt-grun-gold-rahmen-h4","status":"publish","type":"product","link":"https:\/\/lumomeble.shop.pl\/de\/product\/hocker-samt-grun-gold-rahmen-h4\/","title":{"rendered":"Hocker Samt gr\u00fcn (goldener Rahmen) H4"},"content":{"rendered":"<h4 class=\"ui header\">Abmessungen:<br \/>\n- Sitzh\u00f6he: 60-80 cm<br \/>\n- Gesamth\u00f6he: 84-104 cm<br \/>\n- H\u00f6he der R\u00fcckenlehne: 25 cm<br \/>\n- Sitzbreite: 44 cm<br \/>\n- Gesamtbreite: 53 cm<br \/>\n- Sitztiefe: 44 cm<\/h4>\n<p>Material<br \/>\n- Polsterung: Samt<br \/>\n- Gestell: Chrom<\/p>\n<p>Farbe:<br \/>\n- Sitz: gr\u00fcn<br \/>\n- Rahmen: gold<\/p>","protected":false},"excerpt":{"rendered":"<p>Ein moderner Barstuhl mit markanter Wellensteppung und einer weichen, umlaufenden R\u00fcckenlehne f\u00fcr hohen Sitzkomfort. Das goldene, verstellbare Gestell unterstreicht den eleganten Charakter und ist ideal f\u00fcr die Einrichtung von Luxusrestaurants und Hotels.<\/p>","protected":false},"featured_media":5024,"comment_status":"open","ping_status":"closed","template":"","meta":{"_acf_changed":false},"product_brand":[],"product_cat":[118],"product_tag":[],"class_list":{"0":"post-5020","1":"product","2":"type-product","3":"status-publish","4":"has-post-thumbnail","6":"product_cat-hokery","7":"pa_nogi-metalowe","9":"first","10":"instock","11":"taxable","12":"shipping-taxable","13":"purchasable","14":"product-type-simple"},"acf":[],"_links":{"self":[{"href":"https:\/\/lumomeble.shop.pl\/de\/wp-json\/wp\/v2\/product\/5020","targetHints":{"allow":["GET"]}}],"collection":[{"href":"https:\/\/lumomeble.shop.pl\/de\/wp-json\/wp\/v2\/product"}],"about":[{"href":"https:\/\/lumomeble.shop.pl\/de\/wp-json\/wp\/v2\/types\/product"}],"replies":[{"embeddable":true,"href":"https:\/\/lumomeble.shop.pl\/de\/wp-json\/wp\/v2\/comments?post=5020"}],"wp:featuredmedia":[{"embeddable":true,"href":"https:\/\/lumomeble.shop.pl\/de\/wp-json\/wp\/v2\/media\/5024"}],"wp:attachment":[{"href":"https:\/\/lumomeble.shop.pl\/de\/wp-json\/wp\/v2\/media?parent=5020"}],"wp:term":[{"taxonomy":"product_brand","embeddable":true,"href":"https:\/\/lumomeble.shop.pl\/de\/wp-json\/wp\/v2\/product_brand?post=5020"},{"taxonomy":"product_cat","embeddable":true,"href":"https:\/\/lumomeble.shop.pl\/de\/wp-json\/wp\/v2\/product_cat?post=5020"},{"taxonomy":"product_tag","embeddable":true,"href":"https:\/\/lumomeble.shop.pl\/de\/wp-json\/wp\/v2\/product_tag?post=5020"}],"curies":[{"name":"wp","href":"https:\/\/api.w.org\/{rel}","templated":true}]}}