{"id":5006,"date":"2026-03-20T09:57:17","date_gmt":"2026-03-20T07:57:17","guid":{"rendered":"https:\/\/lumomeble.shop.pl\/?post_type=product&#038;p=5006"},"modified":"2026-04-13T11:24:33","modified_gmt":"2026-04-13T09:24:33","slug":"hocker-samt-grau-gold-rahmen","status":"publish","type":"product","link":"https:\/\/lumomeble.shop.pl\/de\/product\/hocker-samt-grau-gold-rahmen\/","title":{"rendered":"Hocker Samt grau (goldener Rahmen)"},"content":{"rendered":"<h4 class=\"ui header\">Beschreibung des Produkts<\/h4>\n<p>Abmessungen:<br \/>\n- Gesamth\u00f6he: 87-108 cm<br \/>\n- Sitzh\u00f6he 60-81 cm<br \/>\n- H\u00f6he der R\u00fcckenlehne: 30 cm<br \/>\n- Sitzbreite: 52 cm<br \/>\n- Sitztiefe 35 cm<\/p>\n<p>Material<br \/>\n- Polsterung: Samt<br \/>\n- Gestell: Chrom<\/p>\n<p>Farbe:<br \/>\n- Sitz: grau<br \/>\n- Rahmen: gold<\/p>","protected":false},"excerpt":{"rendered":"<p>Eleganter Barstuhl mit markanter geflochtener R\u00fcckenlehne und weicher Sitzfl\u00e4che f\u00fcr hohen Komfort. Das goldene, verstellbare Gestell verleiht ihm einen luxuri\u00f6sen Touch und passt gut zu modernen Horeca-Einrichtungen.<\/p>","protected":false},"featured_media":5007,"comment_status":"open","ping_status":"closed","template":"","meta":{"_acf_changed":false},"product_brand":[],"product_cat":[118],"product_tag":[],"class_list":{"0":"post-5006","1":"product","2":"type-product","3":"status-publish","4":"has-post-thumbnail","6":"product_cat-hokery","7":"pa_nogi-metalowe","9":"first","10":"instock","11":"taxable","12":"shipping-taxable","13":"purchasable","14":"product-type-simple"},"acf":[],"_links":{"self":[{"href":"https:\/\/lumomeble.shop.pl\/de\/wp-json\/wp\/v2\/product\/5006","targetHints":{"allow":["GET"]}}],"collection":[{"href":"https:\/\/lumomeble.shop.pl\/de\/wp-json\/wp\/v2\/product"}],"about":[{"href":"https:\/\/lumomeble.shop.pl\/de\/wp-json\/wp\/v2\/types\/product"}],"replies":[{"embeddable":true,"href":"https:\/\/lumomeble.shop.pl\/de\/wp-json\/wp\/v2\/comments?post=5006"}],"wp:featuredmedia":[{"embeddable":true,"href":"https:\/\/lumomeble.shop.pl\/de\/wp-json\/wp\/v2\/media\/5007"}],"wp:attachment":[{"href":"https:\/\/lumomeble.shop.pl\/de\/wp-json\/wp\/v2\/media?parent=5006"}],"wp:term":[{"taxonomy":"product_brand","embeddable":true,"href":"https:\/\/lumomeble.shop.pl\/de\/wp-json\/wp\/v2\/product_brand?post=5006"},{"taxonomy":"product_cat","embeddable":true,"href":"https:\/\/lumomeble.shop.pl\/de\/wp-json\/wp\/v2\/product_cat?post=5006"},{"taxonomy":"product_tag","embeddable":true,"href":"https:\/\/lumomeble.shop.pl\/de\/wp-json\/wp\/v2\/product_tag?post=5006"}],"curies":[{"name":"wp","href":"https:\/\/api.w.org\/{rel}","templated":true}]}}