{"id":5003,"date":"2026-03-20T09:56:23","date_gmt":"2026-03-20T07:56:23","guid":{"rendered":"https:\/\/lumomeble.shop.pl\/?post_type=product&#038;p=5003"},"modified":"2026-04-13T11:26:02","modified_gmt":"2026-04-13T09:26:02","slug":"5003","status":"publish","type":"product","link":"https:\/\/lumomeble.shop.pl\/de\/product\/5003\/","title":{"rendered":"Hocker Samt schwarz (goldener Rahmen)"},"content":{"rendered":"<p>Abmessungen:<br \/>\n- Gesamth\u00f6he: 87-108 cm<br \/>\n- Sitzh\u00f6he 60-81 cm<br \/>\n- H\u00f6he der R\u00fcckenlehne: 30 cm<br \/>\n- Sitzbreite: 52 cm<br \/>\n- Sitztiefe 35 cm<\/p>\n<p>Material<br \/>\n- Polsterung: Samt<br \/>\n- Gestell: Chrom<\/p>\n<p>Farbe:<br \/>\n- Sitz: schwarz<br \/>\n- Rahmen: gold<\/p>","protected":false},"excerpt":{"rendered":"<p>Eleganter Barstuhl mit markanter geflochtener R\u00fcckenlehne und weicher Sitzfl\u00e4che f\u00fcr hohen Komfort. Das goldene, verstellbare Gestell verleiht ihm einen luxuri\u00f6sen Touch und passt gut zu modernen Horeca-Einrichtungen.<\/p>","protected":false},"featured_media":5004,"comment_status":"open","ping_status":"closed","template":"","meta":{"_acf_changed":false},"product_brand":[],"product_cat":[118],"product_tag":[],"class_list":{"0":"post-5003","1":"product","2":"type-product","3":"status-publish","4":"has-post-thumbnail","6":"product_cat-hokery","7":"pa_nogi-metalowe","9":"first","10":"instock","11":"taxable","12":"shipping-taxable","13":"purchasable","14":"product-type-simple"},"acf":[],"_links":{"self":[{"href":"https:\/\/lumomeble.shop.pl\/de\/wp-json\/wp\/v2\/product\/5003","targetHints":{"allow":["GET"]}}],"collection":[{"href":"https:\/\/lumomeble.shop.pl\/de\/wp-json\/wp\/v2\/product"}],"about":[{"href":"https:\/\/lumomeble.shop.pl\/de\/wp-json\/wp\/v2\/types\/product"}],"replies":[{"embeddable":true,"href":"https:\/\/lumomeble.shop.pl\/de\/wp-json\/wp\/v2\/comments?post=5003"}],"wp:featuredmedia":[{"embeddable":true,"href":"https:\/\/lumomeble.shop.pl\/de\/wp-json\/wp\/v2\/media\/5004"}],"wp:attachment":[{"href":"https:\/\/lumomeble.shop.pl\/de\/wp-json\/wp\/v2\/media?parent=5003"}],"wp:term":[{"taxonomy":"product_brand","embeddable":true,"href":"https:\/\/lumomeble.shop.pl\/de\/wp-json\/wp\/v2\/product_brand?post=5003"},{"taxonomy":"product_cat","embeddable":true,"href":"https:\/\/lumomeble.shop.pl\/de\/wp-json\/wp\/v2\/product_cat?post=5003"},{"taxonomy":"product_tag","embeddable":true,"href":"https:\/\/lumomeble.shop.pl\/de\/wp-json\/wp\/v2\/product_tag?post=5003"}],"curies":[{"name":"wp","href":"https:\/\/api.w.org\/{rel}","templated":true}]}}