{"id":3609,"date":"2025-12-19T10:05:10","date_gmt":"2025-12-19T08:05:10","guid":{"rendered":"https:\/\/lumomeble.shop.pl\/?post_type=product&#038;p=3609"},"modified":"2026-03-17T15:37:06","modified_gmt":"2026-03-17T13:37:06","slug":"stuhl-weis-mit-sitz-grau-k33","status":"publish","type":"product","link":"https:\/\/lumomeble.shop.pl\/de\/product\/stuhl-weis-mit-sitz-grau-k33\/","title":{"rendered":"Stuhl (wei\u00df mit grauem Sitz) K33"},"content":{"rendered":"<div id=\"site-content\">\n<div class=\"ui container\">\n<div class=\"ui basic segment\">\n<div class=\"ui stackable vertically divided grid\">\n<div class=\"two column row\">\n<div class=\"column\">\n<div class=\"ui message productSegment\">\n<div id=\"site-content\">\n<div class=\"ui container\">\n<div class=\"ui basic segment\">\n<div class=\"ui stackable vertically divided grid\">\n<div class=\"two column row\">\n<div class=\"column\">\n<div class=\"ui message productSegment\">\n<div id=\"site-content\">\n<div class=\"ui container\">\n<div class=\"ui basic segment\">\n<div class=\"ui stackable vertically divided grid\">\n<div class=\"two column row\">\n<div class=\"column\">\n<div class=\"ui message productSegment\">\n<div id=\"site-content\">\n<div class=\"ui container\">\n<div class=\"ui basic segment\">\n<div class=\"ui stackable vertically divided grid\">\n<div class=\"two column row\">\n<div class=\"column\">\n<div class=\"ui message productSegment\">Abmessungen:<br \/>\n- H\u00f6he: 80 cm<br \/>\n- Breite: 54 cm<br \/>\n- Tiefe: 41 cm<br \/>\n- Sitzh\u00f6he: 46 cmMaterial:<br \/>\n- PP-Material<\/p>\n<p>Farbe:<br \/>\n- wei\u00df mit grauem Sitz<\/p>\n<p>Sonstiges:<br \/>\n- UV-Schutz<br \/>\n- stapelbar<\/p>\n<\/div>\n<\/div>\n<\/div>\n<\/div>\n<\/div>\n<\/div>\n<\/div>\n<\/div>\n<\/div>\n<\/div>\n<\/div>\n<\/div>\n<\/div>\n<\/div>\n<\/div>\n<\/div>\n<\/div>\n<\/div>\n<\/div>\n<\/div>\n<\/div>\n<\/div>\n<\/div>\n<\/div>\n<\/div>\n<\/div>\n<\/div>\n<\/div>","protected":false},"excerpt":{"rendered":"<div class=\"flex flex-col text-sm pb-25\">\n<article class=\"text-token-text-primary w-full focus:outline-none [--shadow-height:45px] has-data-writing-block:pointer-events-none has-data-writing-block:-mt-(--shadow-height) has-data-writing-block:pt-(--shadow-height) [&amp;:has([data-writing-block])&gt;*]:pointer-events-auto scroll-mt-[calc(var(--header-height)+min(200px,max(70px,20svh)))]\" dir=\"auto\" tabindex=\"-1\" data-turn-id=\"request-6943c9ee-8680-8329-9299-30516614c9cd-50\" data-testid=\"conversation-turn-38\" data-scroll-anchor=\"true\" data-turn=\"assistant\">\n<div class=\"text-base my-auto mx-auto pb-10 [--thread-content-margin:--spacing(4)] @w-sm\/main:[--thread-content-margin:--spacing(6)] @w-lg\/main:[--thread-content-margin:--spacing(16)] px-(--thread-content-margin)\">\n<div class=\"[--thread-content-max-width:40rem] @w-lg\/main:[--thread-content-max-width:48rem] mx-auto max-w-(--thread-content-max-width) flex-1 group\/turn-messages focus-visible:outline-hidden relative flex w-full min-w-0 flex-col agent-turn\" tabindex=\"-1\">\n<div class=\"flex max-w-full flex-col grow\">\n<div class=\"min-h-8 text-message relative flex w-full flex-col items-end gap-2 text-start break-words whitespace-normal [.text-message+&amp;]:mt-1\" dir=\"auto\" data-message-author-role=\"assistant\" data-message-id=\"d6c2da33-0cbc-41c1-89ef-466b13f795b9\" data-message-model-slug=\"gpt-5-2\">\n<div class=\"flex w-full flex-col gap-1 empty:hidden first:pt-[1px]\">\n<div class=\"markdown prose dark:prose-invert w-full break-words dark markdown-new-styling\">\n<div class=\"flex flex-col text-sm pb-25\">\n<article class=\"text-token-text-primary w-full focus:outline-none [--shadow-height:45px] has-data-writing-block:pointer-events-none has-data-writing-block:-mt-(--shadow-height) has-data-writing-block:pt-(--shadow-height) [&amp;:has([data-writing-block])&gt;*]:pointer-events-auto scroll-mt-[calc(var(--header-height)+min(200px,max(70px,20svh)))]\" dir=\"auto\" tabindex=\"-1\" data-turn-id=\"request-6943c9ee-8680-8329-9299-30516614c9cd-55\" data-testid=\"conversation-turn-48\" data-scroll-anchor=\"true\" data-turn=\"assistant\">\n<div class=\"text-base my-auto mx-auto pb-10 [--thread-content-margin:--spacing(4)] @w-sm\/main:[--thread-content-margin:--spacing(6)] @w-lg\/main:[--thread-content-margin:--spacing(16)] px-(--thread-content-margin)\">\n<div class=\"[--thread-content-max-width:40rem] @w-lg\/main:[--thread-content-max-width:48rem] mx-auto max-w-(--thread-content-max-width) flex-1 group\/turn-messages focus-visible:outline-hidden relative flex w-full min-w-0 flex-col agent-turn\" tabindex=\"-1\">\n<div class=\"flex max-w-full flex-col grow\">\n<div class=\"min-h-8 text-message relative flex w-full flex-col items-end gap-2 text-start break-words whitespace-normal [.text-message+&amp;]:mt-1\" dir=\"auto\" data-message-author-role=\"assistant\" data-message-id=\"237e7977-7a67-459a-8f14-7294d88963ef\" data-message-model-slug=\"gpt-5-2\">\n<div class=\"flex w-full flex-col gap-1 empty:hidden first:pt-[1px]\">\n<div class=\"markdown prose dark:prose-invert w-full break-words dark markdown-new-styling\">\n<p data-start=\"0\" data-end=\"300\" data-is-last-node=\"\" data-is-only-node=\"\">Stuhl mit Armlehnen, leichte Konstruktion mit dekorativer durchbrochener R\u00fcckenlehne und strukturierter karierter Sitzfl\u00e4che. Leicht, modern und bequem - ideal f\u00fcr Restaurants, Caf\u00e9s und G\u00e4rten.<\/p>\n<\/div>\n<\/div>\n<\/div>\n<\/div>\n<\/div>\n<\/div>\n<\/article>\n<\/div>\n<\/div>\n<\/div>\n<\/div>\n<\/div>\n<\/div>\n<\/div>\n<\/article>\n<\/div>","protected":false},"featured_media":3610,"comment_status":"open","ping_status":"closed","template":"","meta":{"_acf_changed":false},"product_brand":[],"product_cat":[22,97,23],"product_tag":[],"class_list":{"0":"post-3609","1":"product","2":"type-product","3":"status-publish","4":"has-post-thumbnail","6":"product_cat-krzesla","7":"product_cat-standard-line","8":"product_cat-zestawy-ogrodowe","10":"first","11":"instock","12":"taxable","13":"shipping-taxable","14":"purchasable","15":"product-type-simple"},"acf":[],"_links":{"self":[{"href":"https:\/\/lumomeble.shop.pl\/de\/wp-json\/wp\/v2\/product\/3609","targetHints":{"allow":["GET"]}}],"collection":[{"href":"https:\/\/lumomeble.shop.pl\/de\/wp-json\/wp\/v2\/product"}],"about":[{"href":"https:\/\/lumomeble.shop.pl\/de\/wp-json\/wp\/v2\/types\/product"}],"replies":[{"embeddable":true,"href":"https:\/\/lumomeble.shop.pl\/de\/wp-json\/wp\/v2\/comments?post=3609"}],"wp:featuredmedia":[{"embeddable":true,"href":"https:\/\/lumomeble.shop.pl\/de\/wp-json\/wp\/v2\/media\/3610"}],"wp:attachment":[{"href":"https:\/\/lumomeble.shop.pl\/de\/wp-json\/wp\/v2\/media?parent=3609"}],"wp:term":[{"taxonomy":"product_brand","embeddable":true,"href":"https:\/\/lumomeble.shop.pl\/de\/wp-json\/wp\/v2\/product_brand?post=3609"},{"taxonomy":"product_cat","embeddable":true,"href":"https:\/\/lumomeble.shop.pl\/de\/wp-json\/wp\/v2\/product_cat?post=3609"},{"taxonomy":"product_tag","embeddable":true,"href":"https:\/\/lumomeble.shop.pl\/de\/wp-json\/wp\/v2\/product_tag?post=3609"}],"curies":[{"name":"wp","href":"https:\/\/api.w.org\/{rel}","templated":true}]}}