{"id":3497,"date":"2025-12-18T12:46:18","date_gmt":"2025-12-18T10:46:18","guid":{"rendered":"https:\/\/lumomeble.shop.pl\/?post_type=product&#038;p=3497"},"modified":"2026-02-20T13:45:14","modified_gmt":"2026-02-20T11:45:14","slug":"samtstuhl-schwarz","status":"publish","type":"product","link":"https:\/\/lumomeble.shop.pl\/de\/product\/samtstuhl-schwarz\/","title":{"rendered":"Samtstuhl (schwarz)"},"content":{"rendered":"<h4 class=\"ui header\">Beschreibung des Produkts<\/h4>\n<p><strong>Abmessungen:<\/strong><br \/>\n- Sitzbreite: 45 cm<br \/>\n- Gesamtbreite: 55 cm<br \/>\n- Sitzh\u00f6he 47 cm<br \/>\n- Gesamth\u00f6he: 80 cm<br \/>\n- Sitztiefe: 48 cm<br \/>\n- H\u00f6he der R\u00fcckenlehne: 37 cm<\/p>\n<p><strong>Material<\/strong><br \/>\n- Polsterung: Samt<br \/>\n- Gestell: Chrom<\/p>\n<p><strong>Farbe:<\/strong><br \/>\n- Sitz + R\u00fcckenlehne: schwarz<br \/>\n- Rahmen: gold<\/p>","protected":false},"excerpt":{"rendered":"<p>Moderner gepolsterter Stuhl in Schwarz mit einer auff\u00e4lligen gesteppten R\u00fcckenlehne und schlanken goldenen Beinen. Elegante Form, ideal f\u00fcr glamour\u00f6se, moderne Innenr\u00e4ume und Boutique-HoReCa-R\u00e4ume.<\/p>","protected":false},"featured_media":3498,"comment_status":"open","ping_status":"closed","template":"","meta":{"_acf_changed":false},"product_brand":[],"product_cat":[22,97],"product_tag":[],"class_list":{"0":"post-3497","1":"product","2":"type-product","3":"status-publish","4":"has-post-thumbnail","6":"product_cat-krzesla","7":"product_cat-standard-line","9":"first","10":"instock","11":"taxable","12":"shipping-taxable","13":"purchasable","14":"product-type-simple"},"acf":[],"_links":{"self":[{"href":"https:\/\/lumomeble.shop.pl\/de\/wp-json\/wp\/v2\/product\/3497","targetHints":{"allow":["GET"]}}],"collection":[{"href":"https:\/\/lumomeble.shop.pl\/de\/wp-json\/wp\/v2\/product"}],"about":[{"href":"https:\/\/lumomeble.shop.pl\/de\/wp-json\/wp\/v2\/types\/product"}],"replies":[{"embeddable":true,"href":"https:\/\/lumomeble.shop.pl\/de\/wp-json\/wp\/v2\/comments?post=3497"}],"wp:featuredmedia":[{"embeddable":true,"href":"https:\/\/lumomeble.shop.pl\/de\/wp-json\/wp\/v2\/media\/3498"}],"wp:attachment":[{"href":"https:\/\/lumomeble.shop.pl\/de\/wp-json\/wp\/v2\/media?parent=3497"}],"wp:term":[{"taxonomy":"product_brand","embeddable":true,"href":"https:\/\/lumomeble.shop.pl\/de\/wp-json\/wp\/v2\/product_brand?post=3497"},{"taxonomy":"product_cat","embeddable":true,"href":"https:\/\/lumomeble.shop.pl\/de\/wp-json\/wp\/v2\/product_cat?post=3497"},{"taxonomy":"product_tag","embeddable":true,"href":"https:\/\/lumomeble.shop.pl\/de\/wp-json\/wp\/v2\/product_tag?post=3497"}],"curies":[{"name":"wp","href":"https:\/\/api.w.org\/{rel}","templated":true}]}}