{"id":1419,"date":"2025-04-01T10:12:55","date_gmt":"2025-04-01T10:12:55","guid":{"rendered":"https:\/\/lumomeble.shop.pl\/?post_type=product&#038;p=1419"},"modified":"2026-04-10T09:36:21","modified_gmt":"2026-04-10T07:36:21","slug":"nadia-stuhl-zur-ordnung","status":"publish","type":"product","link":"https:\/\/lumomeble.shop.pl\/de\/product\/nadia-stuhl-zur-ordnung\/","title":{"rendered":"Nadia Stuhl - Auf Anfrage"},"content":{"rendered":"<h2 data-start=\"322\" data-end=\"369\">Nadia Stuhl - Eleganz in Schlichtheit<\/h2>\n<p class=\"\" data-start=\"370\" data-end=\"815\">Nadia Stuhl verbindet <strong data-start=\"390\" data-end=\"413\">klassische Eleganz<\/strong> mit moderner Funktionalit\u00e4t. Die einfache Form, das ausgewogene Design und die <strong data-start=\"490\" data-end=\"520\">Hochwertige Materialien<\/strong> machen ihn zu einem M\u00f6belst\u00fcck, das sich perfekt in viele verschiedene Einrichtungsstile einf\u00fcgt. Der Stuhl bietet dank seiner angemessen geformten R\u00fcckenlehne und der breiten Sitzfl\u00e4che einen hohen Sitzkomfort f\u00fcr viele Stunden. Dank seiner <strong data-start=\"740\" data-end=\"758\">Vielseitigkeit<\/strong>perfekt f\u00fcr das Esszimmer, das B\u00fcro oder das Wohnzimmer.<\/p>\n<h2 data-start=\"817\" data-end=\"875\">Komfortabler Stuhl Nadia - Komfort f\u00fcr jeden Tag<\/h2>\n<p class=\"\" data-start=\"876\" data-end=\"1198\">Die ergonomische Struktur des Nadia-Stuhls wurde im Hinblick auf den Benutzerkomfort entwickelt. <strong data-start=\"971\" data-end=\"1000\">Gute R\u00fcckenst\u00fctze<\/strong> und <strong data-start=\"1006\" data-end=\"1027\">breiterer Sitz<\/strong> machen ihn zu einer idealen Wahl f\u00fcr alle, die viel Zeit am Tisch verbringen. Die R\u00fcckenlehne st\u00fctzt den R\u00fccken stabil und die weiche Sitzfl\u00e4che bietet den ganzen Tag \u00fcber Komfort.<\/p>\n<h2 data-start=\"1200\" data-end=\"1254\">Langlebigkeit des Nadia Stuhls - Solide Konstruktion<\/h2>\n<p class=\"\" data-start=\"1255\" data-end=\"1577\">Der Stuhl Nadia zeichnet sich aus durch <strong data-start=\"1282\" data-end=\"1300\">robuste Bauweise<\/strong>was seine Langlebigkeit f\u00fcr viele Jahre garantiert. Dank der <strong data-start=\"1351\" data-end=\"1382\">Hochwertige Materialien<\/strong>Das M\u00f6belst\u00fcck ist resistent gegen Besch\u00e4digungen und seine Konstruktion gew\u00e4hrleistet Stabilit\u00e4t und Sicherheit im Gebrauch. Der Stuhl Nadia ist <strong data-start=\"1505\" data-end=\"1522\">ein M\u00f6belst\u00fcck, das jahrelang halten wird<\/strong>die Ihr Interieur f\u00fcr eine lange Zeit schm\u00fccken werden.<\/p>","protected":false},"excerpt":{"rendered":"<p>Der Stuhl Nadia ist eine ausgezeichnete Wahl f\u00fcr alle, die klassisches Design in einer modernen Version sch\u00e4tzen. Dank seiner schlichten, aber eleganten Form passt er perfekt zu einer Vielzahl von Einrichtungsstilen.<\/p>","protected":false},"featured_media":778,"comment_status":"open","ping_status":"closed","template":"","meta":{"_acf_changed":false},"product_brand":[],"product_cat":[22,95],"product_tag":[],"class_list":{"0":"post-1419","1":"product","2":"type-product","3":"status-publish","4":"has-post-thumbnail","6":"product_cat-krzesla","7":"product_cat-premium-line","9":"first","10":"instock","11":"taxable","12":"shipping-taxable","13":"purchasable","14":"product-type-simple"},"acf":[],"_links":{"self":[{"href":"https:\/\/lumomeble.shop.pl\/de\/wp-json\/wp\/v2\/product\/1419","targetHints":{"allow":["GET"]}}],"collection":[{"href":"https:\/\/lumomeble.shop.pl\/de\/wp-json\/wp\/v2\/product"}],"about":[{"href":"https:\/\/lumomeble.shop.pl\/de\/wp-json\/wp\/v2\/types\/product"}],"replies":[{"embeddable":true,"href":"https:\/\/lumomeble.shop.pl\/de\/wp-json\/wp\/v2\/comments?post=1419"}],"wp:featuredmedia":[{"embeddable":true,"href":"https:\/\/lumomeble.shop.pl\/de\/wp-json\/wp\/v2\/media\/778"}],"wp:attachment":[{"href":"https:\/\/lumomeble.shop.pl\/de\/wp-json\/wp\/v2\/media?parent=1419"}],"wp:term":[{"taxonomy":"product_brand","embeddable":true,"href":"https:\/\/lumomeble.shop.pl\/de\/wp-json\/wp\/v2\/product_brand?post=1419"},{"taxonomy":"product_cat","embeddable":true,"href":"https:\/\/lumomeble.shop.pl\/de\/wp-json\/wp\/v2\/product_cat?post=1419"},{"taxonomy":"product_tag","embeddable":true,"href":"https:\/\/lumomeble.shop.pl\/de\/wp-json\/wp\/v2\/product_tag?post=1419"}],"curies":[{"name":"wp","href":"https:\/\/api.w.org\/{rel}","templated":true}]}}