{"id":1090,"date":"2025-03-03T03:05:09","date_gmt":"2025-03-03T03:05:09","guid":{"rendered":"https:\/\/lumomeble.shop.pl\/?post_type=product&#038;p=1090"},"modified":"2026-03-12T14:15:17","modified_gmt":"2026-03-12T12:15:17","slug":"moderner-stuhl-auf-bestellung","status":"publish","type":"product","link":"https:\/\/lumomeble.shop.pl\/de\/product\/moderner-stuhl-auf-bestellung\/","title":{"rendered":"Moderner Stuhl - Auf Anfrage"},"content":{"rendered":"<h2 data-start=\"61\" data-end=\"119\">Modern Chair - Modernes Design und schlichte Eleganz<\/h2>\n<p data-start=\"120\" data-end=\"463\">Der Stuhl Modern ist die perfekte Wahl f\u00fcr alle, die Einfachheit, Eleganz und Funktionalit\u00e4t sch\u00e4tzen. Sein minimalistisches Design mit einfachen Linien und subtilen Details macht ihn zu einem M\u00f6belst\u00fcck, das ideal f\u00fcr zeitgen\u00f6ssische Innenr\u00e4ume ist. Der Stuhl verbindet \u00c4sthetik mit Komfort und ist damit ein au\u00dfergew\u00f6hnliches M\u00f6belst\u00fcck f\u00fcr Wohn- und B\u00fcror\u00e4ume.<\/p>\n<h2 data-start=\"465\" data-end=\"518\">Ganzt\u00e4giger Komfort<\/h2>\n<p data-start=\"519\" data-end=\"836\">Bei der Entwicklung des Modern Stuhls wurde besonders auf den Komfort geachtet. Die ergonomisch geformte R\u00fcckenlehne und die wohlgeformte Sitzfl\u00e4che sorgen f\u00fcr Komfort \u00fcber viele Stunden hinweg. Das macht ihn ideal f\u00fcr das B\u00fcro, das Esszimmer oder den Entspannungsbereich, wo der t\u00e4gliche Komfort wichtig ist.<\/p>\n<h2 data-start=\"838\" data-end=\"882\">Langlebigkeit und hohe Qualit\u00e4t<\/h2>\n<p data-start=\"883\" data-end=\"1222\">Der Stuhl Modern wurde aus den hochwertigsten Materialien hergestellt, die nicht nur ein elegantes Aussehen, sondern auch Solidit\u00e4t und Haltbarkeit garantieren. Die stabile Struktur sorgt f\u00fcr Sicherheit bei der Nutzung und die sorgf\u00e4ltige Verarbeitung der M\u00f6bel sorgt daf\u00fcr, dass der Stuhl auch bei intensiver Nutzung viele Jahre lang funktional und \u00e4sthetisch ansprechend bleibt.<\/p>\n<h2 data-start=\"1224\" data-end=\"1277\">Die Vielseitigkeit des modernen Stuhls in verschiedenen Interieurs<\/h2>\n<p data-start=\"1278\" data-end=\"1637\">Der Modern-Stuhl ist \u00e4u\u00dferst vielseitig und l\u00e4sst sich leicht in eine Vielzahl von Einrichtungsstilen integrieren. Ganz gleich, ob Sie moderne, industrielle oder klassische Einrichtungen bevorzugen, der Modern-Stuhl ist eine ausgezeichnete Wahl. Dank seiner Schlichtheit l\u00e4sst er sich gut mit einer Vielzahl von M\u00f6beln kombinieren und verleiht dem Raum ein elegantes, aber zur\u00fcckhaltendes Ambiente.<\/p>","protected":false},"excerpt":{"rendered":"<p>Der Stuhl Modern ist eine Kombination aus modernem Design und Funktionalit\u00e4t. Er zeichnet sich durch eine einfache, aber elegante Form und eine bequeme Sitzfl\u00e4che aus, die den ganzen Tag \u00fcber Komfort bietet. Er f\u00fcgt sich perfekt in zeitgen\u00f6ssische Interieurs ein und setzt einen stilvollen Akzent.<\/p>","protected":false},"featured_media":775,"comment_status":"open","ping_status":"closed","template":"","meta":{"_acf_changed":false},"product_brand":[],"product_cat":[22,95],"product_tag":[],"class_list":{"0":"post-1090","1":"product","2":"type-product","3":"status-publish","4":"has-post-thumbnail","6":"product_cat-krzesla","7":"product_cat-premium-line","9":"first","10":"instock","11":"taxable","12":"shipping-taxable","13":"purchasable","14":"product-type-simple"},"acf":[],"_links":{"self":[{"href":"https:\/\/lumomeble.shop.pl\/de\/wp-json\/wp\/v2\/product\/1090","targetHints":{"allow":["GET"]}}],"collection":[{"href":"https:\/\/lumomeble.shop.pl\/de\/wp-json\/wp\/v2\/product"}],"about":[{"href":"https:\/\/lumomeble.shop.pl\/de\/wp-json\/wp\/v2\/types\/product"}],"replies":[{"embeddable":true,"href":"https:\/\/lumomeble.shop.pl\/de\/wp-json\/wp\/v2\/comments?post=1090"}],"wp:featuredmedia":[{"embeddable":true,"href":"https:\/\/lumomeble.shop.pl\/de\/wp-json\/wp\/v2\/media\/775"}],"wp:attachment":[{"href":"https:\/\/lumomeble.shop.pl\/de\/wp-json\/wp\/v2\/media?parent=1090"}],"wp:term":[{"taxonomy":"product_brand","embeddable":true,"href":"https:\/\/lumomeble.shop.pl\/de\/wp-json\/wp\/v2\/product_brand?post=1090"},{"taxonomy":"product_cat","embeddable":true,"href":"https:\/\/lumomeble.shop.pl\/de\/wp-json\/wp\/v2\/product_cat?post=1090"},{"taxonomy":"product_tag","embeddable":true,"href":"https:\/\/lumomeble.shop.pl\/de\/wp-json\/wp\/v2\/product_tag?post=1090"}],"curies":[{"name":"wp","href":"https:\/\/api.w.org\/{rel}","templated":true}]}}